{"id":169,"date":"2019-10-24T12:31:31","date_gmt":"2019-10-24T09:31:31","guid":{"rendered":"http:\/\/alinplast.com.tr\/?page_id=169"},"modified":"2020-01-13T14:14:16","modified_gmt":"2020-01-13T11:14:16","slug":"vakumlu-corruge-boru-makina","status":"publish","type":"page","link":"https:\/\/alinplast.com.tr\/?page_id=169","title":{"rendered":"Vakumlu ( Corruge ) Boru Makina"},"content":{"rendered":"<p><img loading=\"lazy\" class=\"wp-image-186 aligncenter\" src=\"https:\/\/alinplast.com.tr\/wp-content\/uploads\/2019\/10\/vakumlu-px-b-kilifli-boru-hatti-5-300x169.jpeg\" alt=\"\" width=\"700\" height=\"394\" srcset=\"https:\/\/alinplast.com.tr\/wp-content\/uploads\/2019\/10\/vakumlu-px-b-kilifli-boru-hatti-5-300x169.jpeg 300w, https:\/\/alinplast.com.tr\/wp-content\/uploads\/2019\/10\/vakumlu-px-b-kilifli-boru-hatti-5-768x432.jpeg 768w, https:\/\/alinplast.com.tr\/wp-content\/uploads\/2019\/10\/vakumlu-px-b-kilifli-boru-hatti-5-1024x576.jpeg 1024w, https:\/\/alinplast.com.tr\/wp-content\/uploads\/2019\/10\/vakumlu-px-b-kilifli-boru-hatti-5.jpeg 1600w\" sizes=\"(max-width: 700px) 100vw, 700px\" \/><\/p>\n<h3><strong>*\u00a0 Vakumlu Corruge Boru Makinas\u0131<\/strong><\/h3>\n<h3><strong>*\u00a0 \u00a0PP (Kalorifer Borusu ) k\u0131l\u0131f\u0131 imalat\u0131 Makinas\u0131<\/strong><\/h3>\n<h3><strong>* Kablo K\u0131l\u0131f\u0131 \u0130malat\u0131 Makinas\u0131<\/strong><\/h3>\n<ul>\n<li>\n<h3><strong>\u00d6L\u00c7\u00dcLER\u0130 : 5 mm &#8211; 63 mm\u00a0<\/strong><\/h3>\n<\/li>\n<li>\n<h3><strong>KAPS\u0130TE\u00a0 \u00a0 : 50 KG &#8211; 60\u00a0 KG \/ SAATTE\u00a0<\/strong><\/h3>\n<\/li>\n<li>\n<h3><strong>HAMMADE : POL\u0130ET\u0130LEN, PP , PE POLYEM\u0130T\u00a0<\/strong><\/h3>\n<h3><strong>\u00c7AP 20 MM &#8211; \u00c7AP 25 MM &#8216; lik hortumda 25 m dk imalat h\u0131z\u0131\u00a0<\/strong><\/h3>\n<\/li>\n<\/ul>\n<p>&nbsp;<\/p>\n\n\t\t<style type=\"text\/css\">\n\t\t\t#gallery-1 {\n\t\t\t\tmargin: auto;\n\t\t\t}\n\t\t\t#gallery-1 .gallery-item {\n\t\t\t\tfloat: left;\n\t\t\t\tmargin-top: 10px;\n\t\t\t\ttext-align: center;\n\t\t\t\twidth: 25%;\n\t\t\t}\n\t\t\t#gallery-1 img {\n\t\t\t\tborder: 2px solid #cfcfcf;\n\t\t\t}\n\t\t\t#gallery-1 .gallery-caption {\n\t\t\t\tmargin-left: 0;\n\t\t\t}\n\t\t\t\/* see gallery_shortcode() in wp-includes\/media.php *\/\n\t\t<\/style>\n\t\t<div id='gallery-1' class='gallery galleryid-169 gallery-columns-4 gallery-size-medium'><dl class='gallery-item'>\n\t\t\t<dt class='gallery-icon landscape'>\n\t\t\t\t<a href='https:\/\/alinplast.com.tr\/wp-content\/uploads\/2019\/10\/vakumlu-px-b-kilifli-boru-hatti-6.jpeg'><img width=\"300\" height=\"169\" src=\"https:\/\/alinplast.com.tr\/wp-content\/uploads\/2019\/10\/vakumlu-px-b-kilifli-boru-hatti-6-300x169.jpeg\" class=\"attachment-medium size-medium\" alt=\"\" loading=\"lazy\" srcset=\"https:\/\/alinplast.com.tr\/wp-content\/uploads\/2019\/10\/vakumlu-px-b-kilifli-boru-hatti-6-300x169.jpeg 300w, https:\/\/alinplast.com.tr\/wp-content\/uploads\/2019\/10\/vakumlu-px-b-kilifli-boru-hatti-6-768x432.jpeg 768w, https:\/\/alinplast.com.tr\/wp-content\/uploads\/2019\/10\/vakumlu-px-b-kilifli-boru-hatti-6-1024x576.jpeg 1024w, https:\/\/alinplast.com.tr\/wp-content\/uploads\/2019\/10\/vakumlu-px-b-kilifli-boru-hatti-6.jpeg 1600w\" sizes=\"(max-width: 300px) 100vw, 300px\" \/><\/a>\n\t\t\t<\/dt><\/dl><dl class='gallery-item'>\n\t\t\t<dt class='gallery-icon portrait'>\n\t\t\t\t<a href='https:\/\/alinplast.com.tr\/wp-content\/uploads\/2019\/10\/vakumlu-px-b-kilifli-boru-hatti-3.jpeg'><img width=\"169\" height=\"300\" src=\"https:\/\/alinplast.com.tr\/wp-content\/uploads\/2019\/10\/vakumlu-px-b-kilifli-boru-hatti-3-169x300.jpeg\" class=\"attachment-medium size-medium\" alt=\"\" loading=\"lazy\" srcset=\"https:\/\/alinplast.com.tr\/wp-content\/uploads\/2019\/10\/vakumlu-px-b-kilifli-boru-hatti-3-169x300.jpeg 169w, https:\/\/alinplast.com.tr\/wp-content\/uploads\/2019\/10\/vakumlu-px-b-kilifli-boru-hatti-3-768x1365.jpeg 768w, https:\/\/alinplast.com.tr\/wp-content\/uploads\/2019\/10\/vakumlu-px-b-kilifli-boru-hatti-3-576x1024.jpeg 576w, https:\/\/alinplast.com.tr\/wp-content\/uploads\/2019\/10\/vakumlu-px-b-kilifli-boru-hatti-3.jpeg 900w\" sizes=\"(max-width: 169px) 100vw, 169px\" \/><\/a>\n\t\t\t<\/dt><\/dl><dl class='gallery-item'>\n\t\t\t<dt class='gallery-icon landscape'>\n\t\t\t\t<a href='https:\/\/alinplast.com.tr\/wp-content\/uploads\/2019\/10\/vakumlu-px-b-kilifli-boru-hatti-1.jpeg'><img width=\"300\" height=\"169\" src=\"https:\/\/alinplast.com.tr\/wp-content\/uploads\/2019\/10\/vakumlu-px-b-kilifli-boru-hatti-1-300x169.jpeg\" class=\"attachment-medium size-medium\" alt=\"\" loading=\"lazy\" srcset=\"https:\/\/alinplast.com.tr\/wp-content\/uploads\/2019\/10\/vakumlu-px-b-kilifli-boru-hatti-1-300x169.jpeg 300w, https:\/\/alinplast.com.tr\/wp-content\/uploads\/2019\/10\/vakumlu-px-b-kilifli-boru-hatti-1-768x432.jpeg 768w, https:\/\/alinplast.com.tr\/wp-content\/uploads\/2019\/10\/vakumlu-px-b-kilifli-boru-hatti-1-1024x576.jpeg 1024w, https:\/\/alinplast.com.tr\/wp-content\/uploads\/2019\/10\/vakumlu-px-b-kilifli-boru-hatti-1.jpeg 1600w\" sizes=\"(max-width: 300px) 100vw, 300px\" \/><\/a>\n\t\t\t<\/dt><\/dl><dl class='gallery-item'>\n\t\t\t<dt class='gallery-icon landscape'>\n\t\t\t\t<a href='https:\/\/alinplast.com.tr\/wp-content\/uploads\/2019\/10\/vakumlu-px-b-kilifli-boru-hatti-2.jpeg'><img width=\"300\" height=\"169\" src=\"https:\/\/alinplast.com.tr\/wp-content\/uploads\/2019\/10\/vakumlu-px-b-kilifli-boru-hatti-2-300x169.jpeg\" class=\"attachment-medium size-medium\" alt=\"\" loading=\"lazy\" srcset=\"https:\/\/alinplast.com.tr\/wp-content\/uploads\/2019\/10\/vakumlu-px-b-kilifli-boru-hatti-2-300x169.jpeg 300w, https:\/\/alinplast.com.tr\/wp-content\/uploads\/2019\/10\/vakumlu-px-b-kilifli-boru-hatti-2-768x432.jpeg 768w, https:\/\/alinplast.com.tr\/wp-content\/uploads\/2019\/10\/vakumlu-px-b-kilifli-boru-hatti-2-1024x576.jpeg 1024w, https:\/\/alinplast.com.tr\/wp-content\/uploads\/2019\/10\/vakumlu-px-b-kilifli-boru-hatti-2.jpeg 1600w\" sizes=\"(max-width: 300px) 100vw, 300px\" \/><\/a>\n\t\t\t<\/dt><\/dl><br style=\"clear: both\" \/><dl class='gallery-item'>\n\t\t\t<dt class='gallery-icon landscape'>\n\t\t\t\t<a href='https:\/\/alinplast.com.tr\/wp-content\/uploads\/2019\/10\/vakumlu-px-b-kilifli-boru-hatti-4.jpeg'><img width=\"300\" height=\"169\" src=\"https:\/\/alinplast.com.tr\/wp-content\/uploads\/2019\/10\/vakumlu-px-b-kilifli-boru-hatti-4-300x169.jpeg\" class=\"attachment-medium size-medium\" alt=\"\" loading=\"lazy\" srcset=\"https:\/\/alinplast.com.tr\/wp-content\/uploads\/2019\/10\/vakumlu-px-b-kilifli-boru-hatti-4-300x169.jpeg 300w, https:\/\/alinplast.com.tr\/wp-content\/uploads\/2019\/10\/vakumlu-px-b-kilifli-boru-hatti-4-768x432.jpeg 768w, https:\/\/alinplast.com.tr\/wp-content\/uploads\/2019\/10\/vakumlu-px-b-kilifli-boru-hatti-4-1024x576.jpeg 1024w, https:\/\/alinplast.com.tr\/wp-content\/uploads\/2019\/10\/vakumlu-px-b-kilifli-boru-hatti-4.jpeg 1600w\" sizes=\"(max-width: 300px) 100vw, 300px\" \/><\/a>\n\t\t\t<\/dt><\/dl><dl class='gallery-item'>\n\t\t\t<dt class='gallery-icon landscape'>\n\t\t\t\t<a href='https:\/\/alinplast.com.tr\/wp-content\/uploads\/2019\/10\/vakumlu-px-b-kilifli-boru-hatti-5-1.jpeg'><img width=\"300\" height=\"169\" src=\"https:\/\/alinplast.com.tr\/wp-content\/uploads\/2019\/10\/vakumlu-px-b-kilifli-boru-hatti-5-1-300x169.jpeg\" class=\"attachment-medium size-medium\" alt=\"\" loading=\"lazy\" srcset=\"https:\/\/alinplast.com.tr\/wp-content\/uploads\/2019\/10\/vakumlu-px-b-kilifli-boru-hatti-5-1-300x169.jpeg 300w, https:\/\/alinplast.com.tr\/wp-content\/uploads\/2019\/10\/vakumlu-px-b-kilifli-boru-hatti-5-1-768x432.jpeg 768w, https:\/\/alinplast.com.tr\/wp-content\/uploads\/2019\/10\/vakumlu-px-b-kilifli-boru-hatti-5-1-1024x576.jpeg 1024w, https:\/\/alinplast.com.tr\/wp-content\/uploads\/2019\/10\/vakumlu-px-b-kilifli-boru-hatti-5-1.jpeg 1600w\" sizes=\"(max-width: 300px) 100vw, 300px\" \/><\/a>\n\t\t\t<\/dt><\/dl><dl class='gallery-item'>\n\t\t\t<dt class='gallery-icon landscape'>\n\t\t\t\t<a href='https:\/\/alinplast.com.tr\/wp-content\/uploads\/2019\/10\/20191024_112131.jpg'><img width=\"300\" height=\"225\" src=\"https:\/\/alinplast.com.tr\/wp-content\/uploads\/2019\/10\/20191024_112131-300x225.jpg\" class=\"attachment-medium size-medium\" alt=\"\" loading=\"lazy\" srcset=\"https:\/\/alinplast.com.tr\/wp-content\/uploads\/2019\/10\/20191024_112131-300x225.jpg 300w, https:\/\/alinplast.com.tr\/wp-content\/uploads\/2019\/10\/20191024_112131-768x576.jpg 768w, https:\/\/alinplast.com.tr\/wp-content\/uploads\/2019\/10\/20191024_112131-1024x768.jpg 1024w\" sizes=\"(max-width: 300px) 100vw, 300px\" \/><\/a>\n\t\t\t<\/dt><\/dl><dl class='gallery-item'>\n\t\t\t<dt class='gallery-icon landscape'>\n\t\t\t\t<a href='https:\/\/alinplast.com.tr\/wp-content\/uploads\/2019\/10\/20191024_111923.jpg'><img width=\"300\" height=\"225\" src=\"https:\/\/alinplast.com.tr\/wp-content\/uploads\/2019\/10\/20191024_111923-300x225.jpg\" class=\"attachment-medium size-medium\" alt=\"\" loading=\"lazy\" srcset=\"https:\/\/alinplast.com.tr\/wp-content\/uploads\/2019\/10\/20191024_111923-300x225.jpg 300w, https:\/\/alinplast.com.tr\/wp-content\/uploads\/2019\/10\/20191024_111923-768x576.jpg 768w, https:\/\/alinplast.com.tr\/wp-content\/uploads\/2019\/10\/20191024_111923-1024x768.jpg 1024w\" sizes=\"(max-width: 300px) 100vw, 300px\" \/><\/a>\n\t\t\t<\/dt><\/dl><br style=\"clear: both\" \/><dl class='gallery-item'>\n\t\t\t<dt class='gallery-icon landscape'>\n\t\t\t\t<a href='https:\/\/alinplast.com.tr\/wp-content\/uploads\/2019\/10\/20191024_110832.jpg'><img width=\"300\" height=\"225\" src=\"https:\/\/alinplast.com.tr\/wp-content\/uploads\/2019\/10\/20191024_110832-300x225.jpg\" class=\"attachment-medium size-medium\" alt=\"\" loading=\"lazy\" srcset=\"https:\/\/alinplast.com.tr\/wp-content\/uploads\/2019\/10\/20191024_110832-300x225.jpg 300w, https:\/\/alinplast.com.tr\/wp-content\/uploads\/2019\/10\/20191024_110832-768x576.jpg 768w, https:\/\/alinplast.com.tr\/wp-content\/uploads\/2019\/10\/20191024_110832-1024x768.jpg 1024w\" sizes=\"(max-width: 300px) 100vw, 300px\" \/><\/a>\n\t\t\t<\/dt><\/dl><dl class='gallery-item'>\n\t\t\t<dt class='gallery-icon landscape'>\n\t\t\t\t<a href='https:\/\/alinplast.com.tr\/wp-content\/uploads\/2019\/10\/20191024_110655.jpg'><img width=\"300\" height=\"225\" src=\"https:\/\/alinplast.com.tr\/wp-content\/uploads\/2019\/10\/20191024_110655-300x225.jpg\" class=\"attachment-medium size-medium\" alt=\"\" loading=\"lazy\" srcset=\"https:\/\/alinplast.com.tr\/wp-content\/uploads\/2019\/10\/20191024_110655-300x225.jpg 300w, https:\/\/alinplast.com.tr\/wp-content\/uploads\/2019\/10\/20191024_110655-768x576.jpg 768w, https:\/\/alinplast.com.tr\/wp-content\/uploads\/2019\/10\/20191024_110655-1024x768.jpg 1024w\" sizes=\"(max-width: 300px) 100vw, 300px\" \/><\/a>\n\t\t\t<\/dt><\/dl><dl class='gallery-item'>\n\t\t\t<dt class='gallery-icon landscape'>\n\t\t\t\t<a href='https:\/\/alinplast.com.tr\/wp-content\/uploads\/2019\/10\/20191024_112336.jpg'><img width=\"300\" height=\"225\" src=\"https:\/\/alinplast.com.tr\/wp-content\/uploads\/2019\/10\/20191024_112336-300x225.jpg\" class=\"attachment-medium size-medium\" alt=\"\" loading=\"lazy\" srcset=\"https:\/\/alinplast.com.tr\/wp-content\/uploads\/2019\/10\/20191024_112336-300x225.jpg 300w, https:\/\/alinplast.com.tr\/wp-content\/uploads\/2019\/10\/20191024_112336-768x576.jpg 768w, https:\/\/alinplast.com.tr\/wp-content\/uploads\/2019\/10\/20191024_112336-1024x768.jpg 1024w\" sizes=\"(max-width: 300px) 100vw, 300px\" \/><\/a>\n\t\t\t<\/dt><\/dl>\n\t\t\t<br style='clear: both' \/>\n\t\t<\/div>\n\n<p>VAKUMLU PX-B KILIFLI BORU HATTI MAK\u0130NASI<\/p>\n<p><iframe loading=\"lazy\" src=\"https:\/\/www.youtube.com\/embed\/8rtZUS9vwGc\" width=\"560\" height=\"315\" frameborder=\"0\" allowfullscreen=\"allowfullscreen\"><\/iframe><\/p>\n<p>X<\/p>\n","protected":false},"excerpt":{"rendered":"<div class=\"slide-text-bg2\"><span>*\u00a0 Vakumlu Corruge Boru Makinas\u0131 *\u00a0 \u00a0PP (Kalorifer Borusu ) k\u0131l\u0131f\u0131 imalat\u0131 Makinas\u0131 * Kablo K\u0131l\u0131f\u0131 \u0130malat\u0131 Makinas\u0131 \u00d6L\u00c7\u00dcLER\u0130 : 5 mm &#038;#82<\/span><\/div>\n<div class=\"slide-btn-area-sm\"><a href=\"https:\/\/alinplast.com.tr\/?page_id=169\" class=\"slide-btn-sm\">Devam\u0131n\u0131 oku<\/a><\/div>\n","protected":false},"author":1,"featured_media":0,"parent":9,"menu_order":3,"comment_status":"closed","ping_status":"closed","template":"fullwidth.php","meta":[],"_links":{"self":[{"href":"https:\/\/alinplast.com.tr\/index.php?rest_route=\/wp\/v2\/pages\/169"}],"collection":[{"href":"https:\/\/alinplast.com.tr\/index.php?rest_route=\/wp\/v2\/pages"}],"about":[{"href":"https:\/\/alinplast.com.tr\/index.php?rest_route=\/wp\/v2\/types\/page"}],"author":[{"embeddable":true,"href":"https:\/\/alinplast.com.tr\/index.php?rest_route=\/wp\/v2\/users\/1"}],"replies":[{"embeddable":true,"href":"https:\/\/alinplast.com.tr\/index.php?rest_route=%2Fwp%2Fv2%2Fcomments&post=169"}],"version-history":[{"count":13,"href":"https:\/\/alinplast.com.tr\/index.php?rest_route=\/wp\/v2\/pages\/169\/revisions"}],"predecessor-version":[{"id":201,"href":"https:\/\/alinplast.com.tr\/index.php?rest_route=\/wp\/v2\/pages\/169\/revisions\/201"}],"up":[{"embeddable":true,"href":"https:\/\/alinplast.com.tr\/index.php?rest_route=\/wp\/v2\/pages\/9"}],"wp:attachment":[{"href":"https:\/\/alinplast.com.tr\/index.php?rest_route=%2Fwp%2Fv2%2Fmedia&parent=169"}],"curies":[{"name":"wp","href":"https:\/\/api.w.org\/{rel}","templated":true}]}}