{"id":22,"date":"2017-09-10T15:08:32","date_gmt":"2017-09-10T12:08:32","guid":{"rendered":"http:\/\/alinplast.com.tr\/?page_id=22"},"modified":"2025-10-07T13:44:07","modified_gmt":"2025-10-07T10:44:07","slug":"iletisim","status":"publish","type":"page","link":"https:\/\/alinplast.com.tr\/?page_id=22","title":{"rendered":"\u0130LET\u0130\u015e\u0130M"},"content":{"rendered":"\n<iframe src=\"https:\/\/www.google.com\/maps\/embed?pb=!1m14!1m8!1m3!1d12039.133889116041!2d28.6711192!3d41.0299929!3m2!1i1024!2i768!4f13.1!3m3!1m2!1s0x0%3A0x3f939e2e19d02a22!2sAlinplast!5e0!3m2!1str!2str!4v1641635585146!5m2!1str!2str\" width=\"600\" height=\"450\" style=\"border:0;\" allowfullscreen=\"\" loading=\"lazy\"><\/iframe>\n\n\n\n<p><\/p>\n\n\n\n<h2 class=\"has-text-align-center\"><strong>FAT\u0130H MAH. 19. MAYIS BULVARI ASTOR \u0130\u015e MERKEZ\u0130<br>NO:53 \/ 1M ESENYURT \/ \u0130STANBUL<\/strong><br>TELEFON 1 +(WhatsApp) : + 9 0 212 485 93 16<\/h2>\n\n\n\n<h2 class=\"has-text-align-center\">TELEFON 2 : + 9 0 212 486 29 07<\/h2>\n\n\n\n<h2 class=\"has-text-align-center\">GSM : + 9 0 532 237 24 94<\/h2>\n\n\n\n<h2 class=\"has-text-align-center\">FAX : + 9 0 212 485 93 18<\/h2>\n\n\n\n<h2 class=\"has-text-align-center\">E-MA\u0130L : alinplast11@gmail.com<\/h2>\n","protected":false},"excerpt":{"rendered":"<div class=\"slide-text-bg2\"><span>FAT\u0130H MAH. 19. MAYIS BULVARI ASTOR \u0130\u015e MERKEZ\u0130NO:53 \/ 1M ESENYURT \/ \u0130STANBULTELEFON 1 +(WhatsApp) : + 9 0 212 485 93 16 TELEFON 2 : + 9 0 212 486 29 07<\/span><\/div>\n<div class=\"slide-btn-area-sm\"><a href=\"https:\/\/alinplast.com.tr\/?page_id=22\" class=\"slide-btn-sm\">Devam\u0131n\u0131 oku<\/a><\/div>\n","protected":false},"author":1,"featured_media":0,"parent":0,"menu_order":0,"comment_status":"closed","ping_status":"closed","template":"","meta":[],"_links":{"self":[{"href":"https:\/\/alinplast.com.tr\/index.php?rest_route=\/wp\/v2\/pages\/22"}],"collection":[{"href":"https:\/\/alinplast.com.tr\/index.php?rest_route=\/wp\/v2\/pages"}],"about":[{"href":"https:\/\/alinplast.com.tr\/index.php?rest_route=\/wp\/v2\/types\/page"}],"author":[{"embeddable":true,"href":"https:\/\/alinplast.com.tr\/index.php?rest_route=\/wp\/v2\/users\/1"}],"replies":[{"embeddable":true,"href":"https:\/\/alinplast.com.tr\/index.php?rest_route=%2Fwp%2Fv2%2Fcomments&post=22"}],"version-history":[{"count":8,"href":"https:\/\/alinplast.com.tr\/index.php?rest_route=\/wp\/v2\/pages\/22\/revisions"}],"predecessor-version":[{"id":412,"href":"https:\/\/alinplast.com.tr\/index.php?rest_route=\/wp\/v2\/pages\/22\/revisions\/412"}],"wp:attachment":[{"href":"https:\/\/alinplast.com.tr\/index.php?rest_route=%2Fwp%2Fv2%2Fmedia&parent=22"}],"curies":[{"name":"wp","href":"https:\/\/api.w.org\/{rel}","templated":true}]}}