{"id":28,"date":"2017-09-10T15:14:17","date_gmt":"2017-09-10T12:14:17","guid":{"rendered":"http:\/\/alinplast.com.tr\/?page_id=28"},"modified":"2017-12-26T12:01:41","modified_gmt":"2017-12-26T10:01:41","slug":"pp-pe-ppr-c-boru-uretim-hatti","status":"publish","type":"page","link":"https:\/\/alinplast.com.tr\/?page_id=28","title":{"rendered":"PP PE PPR-C Boru \u00dcretim Hatt\u0131"},"content":{"rendered":"<h2><span style=\"color: #ff6600;\"><strong>PP PE PPR-C \u00a0Pipe Production Line<\/strong><\/span><\/h2>\n<p><a href=\"http:\/\/alinplast.net\/wp-content\/uploads\/pp_pe_boru_uretim_makinasi11.jpg\"><img loading=\"lazy\" class=\"alignnone size-full wp-image-898\" src=\"http:\/\/alinplast.net\/wp-content\/uploads\/pp_pe_boru_uretim_makinasi11.jpg\" alt=\"pp_pe_boru_uretim_makinasi1\" width=\"1000\" height=\"231\" \/><\/a><\/p>\n<p><img loading=\"lazy\" class=\"alignnone wp-image-137 \" src=\"https:\/\/alinplast.com.tr\/wp-content\/uploads\/2017\/09\/borumakinasi.jpg\" alt=\"\" width=\"674\" height=\"155\" srcset=\"https:\/\/alinplast.com.tr\/wp-content\/uploads\/2017\/09\/borumakinasi.jpg 570w, https:\/\/alinplast.com.tr\/wp-content\/uploads\/2017\/09\/borumakinasi-300x69.jpg 300w\" sizes=\"(max-width: 674px) 100vw, 674px\" \/><\/p>\n<p><span style=\"color: #ff6600;\"><strong>::.. \u00a0 <strong>PPRC &#8211; PP &#8211; PE \u00a0<\/strong>Boru \u00dcretim Hatt\u0131 \u00a0<\/strong><\/span><\/p>\n<p>* \u0130stenilen \u00f6l\u00e7\u00fc kapasite ve ebatlarda boru \u00fcretim makina hatlar\u0131 \u00fcretimi yap\u0131l\u0131r .<\/p>\n<p>&nbsp;<\/p>\n<ul>\n<li><strong>EXTRUDER\u00a0 \u00a0 \u00a0 \u00a0 \u00a0 \u00a0 \u00a0 \u00a0 \u00a0 \u00a0 \u00a0 \u00a0 \u00a0 \u00a0 \u00a0 \u00a0 \u00a0 \u00a0 \u00a0 \u00a0 \u00a0 \u00a0 \u00a0 \u00a0 \u00a0 \u00a0 \u00a0 \u00a0 \u00a0 \u00a0 \u00a0 \u00a0 \u00a0 *\u00a0 VAKUMLU SO\u011eUTMA HAVUZU<\/strong><\/li>\n<li><strong>PALETL\u0130 \u00c7EK\u0130C\u0130\u00a0 \u00a0 \u00a0 \u00a0 \u00a0 \u00a0 \u00a0 \u00a0 \u00a0 \u00a0 \u00a0 \u00a0 \u00a0 \u00a0 \u00a0 \u00a0 \u00a0 \u00a0 \u00a0 \u00a0 \u00a0 \u00a0 \u00a0 \u00a0 \u00a0 \u00a0 \u00a0 \u00a0 \u00a0* TRA\u015eLI BORU TESTERES\u0130<\/strong><\/li>\n<li><strong>KALIP KAL\u0130BRELER<\/strong><\/li>\n<\/ul>\n<p>&nbsp;<\/p>\n<p><iframe loading=\"lazy\" width=\"560\" height=\"315\" src=\"https:\/\/www.youtube.com\/embed\/6cY9wvwe0rY\" frameborder=\"0\" gesture=\"media\" allow=\"encrypted-media\" allowfullscreen><\/iframe><\/p>\n<p><iframe loading=\"lazy\" src=\"\/\/www.youtube.com\/embed\/xdRk8vi0DH0\" width=\"560\" height=\"315\" frameborder=\"0\" allowfullscreen=\"allowfullscreen\"><\/iframe><\/p>\n<p>&nbsp;<\/p>\n<p><strong>PP &#8211; PE &#8211; PPRC BORU \u00dcRET\u0130M MAK\u0130NASI <\/strong> <strong>PE &#8211; PP BORU \u00dcRET\u0130M MAK\u0130NASI<\/strong> <iframe loading=\"lazy\" src=\"https:\/\/www.youtube.com\/embed\/YUWcW7GFTbA\" width=\"560\" height=\"315\" frameborder=\"0\" allowfullscreen=\"allowfullscreen\"><\/iframe><\/p>\n<p>&nbsp;<\/p>\n<h4>MAK\u0130NALARDAN B\u0130LG\u0130 ALMAK VE S\u0130PAR\u0130\u015e \u0130\u00c7\u0130N : \u00a0 <strong>\u00a0<a href=\"mailto:alinplast@gmail.com\">alinplast@gmail.com <\/a>\u00a0\u00a0<\/strong><\/h4>\n<p>&nbsp;<\/p>\n<p>&nbsp;<\/p>\n<p>&nbsp;<\/p>\n","protected":false},"excerpt":{"rendered":"<div class=\"slide-text-bg2\"><span>PP PE PPR-C \u00a0Pipe Production Line ::.. \u00a0 PPRC &#8211; PP &#8211; PE \u00a0Boru \u00dcretim Hatt\u0131 \u00a0 * \u0130stenilen \u00f6l\u00e7\u00fc kapasite ve ebatlarda boru \u00fcretim maki<\/span><\/div>\n<div class=\"slide-btn-area-sm\"><a href=\"https:\/\/alinplast.com.tr\/?page_id=28\" class=\"slide-btn-sm\">Devam\u0131n\u0131 oku<\/a><\/div>\n","protected":false},"author":1,"featured_media":0,"parent":9,"menu_order":0,"comment_status":"closed","ping_status":"closed","template":"","meta":[],"_links":{"self":[{"href":"https:\/\/alinplast.com.tr\/index.php?rest_route=\/wp\/v2\/pages\/28"}],"collection":[{"href":"https:\/\/alinplast.com.tr\/index.php?rest_route=\/wp\/v2\/pages"}],"about":[{"href":"https:\/\/alinplast.com.tr\/index.php?rest_route=\/wp\/v2\/types\/page"}],"author":[{"embeddable":true,"href":"https:\/\/alinplast.com.tr\/index.php?rest_route=\/wp\/v2\/users\/1"}],"replies":[{"embeddable":true,"href":"https:\/\/alinplast.com.tr\/index.php?rest_route=%2Fwp%2Fv2%2Fcomments&post=28"}],"version-history":[{"count":6,"href":"https:\/\/alinplast.com.tr\/index.php?rest_route=\/wp\/v2\/pages\/28\/revisions"}],"predecessor-version":[{"id":148,"href":"https:\/\/alinplast.com.tr\/index.php?rest_route=\/wp\/v2\/pages\/28\/revisions\/148"}],"up":[{"embeddable":true,"href":"https:\/\/alinplast.com.tr\/index.php?rest_route=\/wp\/v2\/pages\/9"}],"wp:attachment":[{"href":"https:\/\/alinplast.com.tr\/index.php?rest_route=%2Fwp%2Fv2%2Fmedia&parent=28"}],"curies":[{"name":"wp","href":"https:\/\/api.w.org\/{rel}","templated":true}]}}