{"id":395,"date":"2025-08-06T13:26:53","date_gmt":"2025-08-06T10:26:53","guid":{"rendered":"https:\/\/alinplast.com.tr\/?page_id=395"},"modified":"2025-08-06T13:51:19","modified_gmt":"2025-08-06T10:51:19","slug":"hazir-makineler","status":"publish","type":"page","link":"https:\/\/alinplast.com.tr\/?page_id=395","title":{"rendered":"HAZIR MAK\u0130NELER"},"content":{"rendered":"\n<p><strong>MAK\u0130NE   :  <\/strong>  <strong><a href=\"https:\/\/makinaturkiye.com\/p6-polyamit-otomotiv-parcasi-hortumlari-uretim-makinasi-p-251652\">P6 Polyamit Otomotiv Par\u00e7as\u0131 Hortumlar\u0131 \u00dcretim Makinas\u0131<\/a><\/strong>                        <strong>         >><\/strong><\/p>\n\n\n\n<p><strong>MAK\u0130NE   :   <\/strong> <strong><a href=\"https:\/\/makinaturkiye.com\/apm-50160-pis-su-pvc-boru-uretim-hatti-p-251608\">Apm 50\/160 Pis Su Pvc Boru \u00dcretim Hatt\u0131<\/a>   <\/strong>                                                        <strong>   >><\/strong>  <\/p>\n\n\n\n<p>MAK\u0130NE   :    <a href=\"https:\/\/makinaturkiye.com\/nargile-hortumu-otomatik-kesme-makinasi-p-251580\">Nargile Hortumu Otomatik Kesme Makinas\u0131<\/a>                                                          <strong>  >>  <\/strong><\/p>\n\n\n\n<p>MAK\u0130NE   :    <a href=\"https:\/\/makinaturkiye.com\/bolunmus-medikal-hortum-makinasi-p-251554\">B\u00f6l\u00fcnm\u00fc\u015f Medikal Hortum Makinas\u0131<\/a>                                                                        <strong>>><\/strong><\/p>\n\n\n\n<p>MAK\u0130NE   :   <a href=\"https:\/\/makinaturkiye.com\/nargile-ve-medikal-hortum-makinasi--apm-25-compakt-corrugator--p-251538\">NARG\u0130LE VE MED\u0130KAL HORTUM MAK\u0130NASI ( APM 25 COMPAKT CORRUGAT\u00d6R )<\/a>   <strong>>><\/strong><\/p>\n\n\n\n<p>MAK\u0130NE   :  <a href=\"https:\/\/makinaturkiye.com\/12-2-inc-pvc-orgulu-hortum-uretim-makinasi-p-221246\">1\/2-2 \u0130n\u00e7 Pvc \u00d6rg\u00fcl\u00fc Hortum \u00dcretim Makinas\u0131<\/a>                                                           >><\/p>\n\n\n\n<p>MAK\u0130NE   :   <a href=\"https:\/\/makinaturkiye.com\/pp-pe-ppr-c-hortum-uretim-makinasi-p-221245\">Pp Pe Ppr-C Hortum \u00dcretim Makinas\u0131<\/a>                                                                        >> <\/p>\n\n\n\n<p>MAK\u0130NE   :  <a href=\"https:\/\/makinaturkiye.com\/serum-hortumlari-hatti-p-209921\">SERUM HORTUMLARI HATTI<\/a>                                                                                       >><\/p>\n\n\n\n<p>MAK\u0130NE   :  <strong><a href=\"http:\/\/50\/100 KON\u0130K EXTRUDERL\u0130 P\u0130S SU BORU HATTI\">50\/100 KON\u0130K EXTRUDERL\u0130 P\u0130S SU BORU HATTI<\/a><\/strong>                                                      >><\/p>\n\n\n\n<p>MAK\u0130NE   :  <a href=\"https:\/\/makinaturkiye.com\/-70-55-mm-extruder-braided-hose-production-machine-p-209919\">\u00d8 70+\u00d8 55 mm Extruder Braided Hose Production Machine<\/a>                                     >><\/p>\n\n\n\n<p>MAK\u0130NE   :  <a href=\"https:\/\/makinaturkiye.com\/5-mm-63-mm-vacuum-corruge-pipe-machine-p-209918\">5 mm &#8211; 63 mm Vacuum Corruge Pipe Machine<\/a>                                                           >><\/p>\n\n\n\n<p>MAK\u0130NE   :  <a href=\"https:\/\/makinaturkiye.com\/32-mm-63-mm-spiral-corruge-hose-production-machine-p-209917\">32 mm \u2013 63 mm Spiral Corruge Hose Production Machine<\/a>                                         >><\/p>\n\n\n\n<p>MAK\u0130NE   :  <a href=\"https:\/\/makinaturkiye.com\/12-36-mm-spiral-hortum-uretim-makinasi-p-209916\">12-36 mm Spiral Hortum \u00dcretim Makinas\u0131<\/a>                                                                   >><\/p>\n\n\n\n<p>MAK\u0130NE   :  <strong><a href=\"https:\/\/makinaturkiye.com\/5-mm-63-mm-vacuum-corruge-pipe-machine-p-209918\">5 mm &#8211; 63 mm Vacuum Corruge Pipe Machine<\/a><\/strong>                                                          >><\/p>\n\n\n\n<p>MAK\u0130NE   : <a href=\"https:\/\/makinaturkiye.com\/-70-55-mm-ekstruderli-orgu-hortum-uretim-makinasi-p-209910\">\u00d8 70+\u00d8 55 mm EKSTRUDERL\u0130 \u00d6RG\u00dc HORTUM \u00dcRET\u0130M MAK\u0130NASI<\/a>                             >>   <\/p>\n\n\n\n<p>MAK\u0130NE  : <a href=\"https:\/\/makinaturkiye.com\/90-mm-pvc-boru-uretim-makinasi-p-209909\">90 mm PVC Boru \u00dcretim Makinas\u0131<\/a>                                                                                  >><\/p>\n\n\n\n<p>MAK\u0130NE   :  <a href=\"https:\/\/makinaturkiye.com\/5-mm-63-mm-vakumlu-hortum-ve-kilif-uretim-makinasi-p-209907\">5 mm-63 mm Vakumlu Hortum Ve K\u0131l\u0131f \u00dcretim Makinas\u0131<\/a>                                              >><\/p>\n\n\n\n<p>MAK\u0130NE  :  <a href=\"https:\/\/makinaturkiye.com\/medikal-hortumu-otomatik-kesme-makinasi-p-209905\">MED\u0130KAL HORTUMU OTOMAT\u0130K KESME MAK\u0130NASI<\/a>                                                       >><\/p>\n\n\n\n<p><\/p>\n\n\n\n<p><strong>T\u00dcM MAK\u0130NELER  \u0130LE \u0130LG\u0130L\u0130  G\u00d6R\u00dc\u015e VE \u00d6NER\u0130LER\u0130 \u0130\u00c7\u0130N : <\/strong><\/p>\n\n\n\n<p>&#8212;&#8212;&#8212;&#8212;&#8212;&#8212;&#8212;&#8212;&#8212;&#8212;&#8212;&#8212;&#8212;&#8212;&#8212;&#8212;&#8212;&#8212;&#8212;&#8212;&#8212;&#8212;&#8212;&#8212;&#8212;&#8212;&#8212;&#8212;&#8212;&#8212;&#8212;&#8212;&#8212;&#8212;&#8212;&#8212;&#8212;<\/p>\n\n\n\n<h2><strong>FABR\u0130KA \/ OF\u0130S  : <\/strong><\/h2>\n\n\n\n<h2><strong>FAT\u0130H MAH. 19. MAYIS BULVARI ASTOR \u0130\u015e MERKEZ\u0130<br>NO:53 \/ 1M ESENYURT \/ \u0130STANBUL<\/strong><br>Telefon + ( WhatsApp ) : + 9 0 212 485 93 16<\/h2>\n\n\n\n<h2>Telefon 2 : + 9 0 212 486 29 07<\/h2>\n\n\n\n<h2>GSM : + 9 0 532 237 24 94  FAX : + 9 0 212 485 93 18<\/h2>\n\n\n\n<h2>E-MA\u0130L : alinplast@gmail.com<\/h2>\n\n\n\n<p> <\/p>\n\n\n\n<p><\/p>\n\n\n\n<p><\/p>\n","protected":false},"excerpt":{"rendered":"<div class=\"slide-text-bg2\"><span>MAK\u0130NE : P6 Polyamit Otomotiv Par\u00e7as\u0131 Hortumlar\u0131 \u00dcretim Makinas\u0131 >> MAK\u0130NE : Apm 50\/160 Pis Su Pvc Boru \u00dcretim Hatt\u0131 >> MAK\u0130NE : Nargile Hortumu <\/span><\/div>\n<div class=\"slide-btn-area-sm\"><a href=\"https:\/\/alinplast.com.tr\/?page_id=395\" class=\"slide-btn-sm\">Devam\u0131n\u0131 oku<\/a><\/div>\n","protected":false},"author":1,"featured_media":0,"parent":0,"menu_order":0,"comment_status":"closed","ping_status":"closed","template":"","meta":[],"_links":{"self":[{"href":"https:\/\/alinplast.com.tr\/index.php?rest_route=\/wp\/v2\/pages\/395"}],"collection":[{"href":"https:\/\/alinplast.com.tr\/index.php?rest_route=\/wp\/v2\/pages"}],"about":[{"href":"https:\/\/alinplast.com.tr\/index.php?rest_route=\/wp\/v2\/types\/page"}],"author":[{"embeddable":true,"href":"https:\/\/alinplast.com.tr\/index.php?rest_route=\/wp\/v2\/users\/1"}],"replies":[{"embeddable":true,"href":"https:\/\/alinplast.com.tr\/index.php?rest_route=%2Fwp%2Fv2%2Fcomments&post=395"}],"version-history":[{"count":9,"href":"https:\/\/alinplast.com.tr\/index.php?rest_route=\/wp\/v2\/pages\/395\/revisions"}],"predecessor-version":[{"id":410,"href":"https:\/\/alinplast.com.tr\/index.php?rest_route=\/wp\/v2\/pages\/395\/revisions\/410"}],"wp:attachment":[{"href":"https:\/\/alinplast.com.tr\/index.php?rest_route=%2Fwp%2Fv2%2Fmedia&parent=395"}],"curies":[{"name":"wp","href":"https:\/\/api.w.org\/{rel}","templated":true}]}}